{"id":40,"date":"2026-04-26T13:02:48","date_gmt":"2026-04-26T11:02:48","guid":{"rendered":"https:\/\/raysvt.pl\/?page_id=40"},"modified":"2026-04-26T15:46:02","modified_gmt":"2026-04-26T13:46:02","slug":"informacja-o-dofinansowaniu","status":"publish","type":"page","link":"https:\/\/raysvt.pl\/?page_id=40","title":{"rendered":"Dofinansowanie"},"content":{"rendered":"<p><strong>RaysVT Sp. z o.o.<\/strong> realizuje projekt dofinansowany z <strong>Funduszy Europejskich<\/strong> pod nazw\u0105: \u201ePrzeprowadzenie prac badawczych maj\u0105cych na celu stworzenie wzorcowego procesu wspieraj\u0105cego interpretacje obraz\u00f3w RTG zawieraj\u0105cego funkcjonalno\u015b\u0107 analizy obraz\u00f3w i formu\u0142owania opis\u00f3w zdj\u0119\u0107\u201d. Projekt jest realizowany w ramach wsp\u00f3\u0142pracy Funduszu Inwestycyjnego <strong>Discovery Ventures<\/strong>, prowadz\u0105cego projekt \u201eBRIdge Alfa wype\u0142nienie luki poda\u017cowej projekt\u00f3w w obszarze Quality of life poprzez inwestycje w projekty w fazie PoP i PoC\u201d. Dofinansowanie projektu z UE wynosi 900.064,00 PLN.<\/p>\n","protected":false},"excerpt":{"rendered":"<p>RaysVT Sp. z o.o. realizuje projekt dofinansowany z Funduszy Europejskich pod nazw\u0105: \u201ePrzeprowadzenie prac badawczych maj\u0105cych na celu stworzenie wzorcowego procesu wspieraj\u0105cego interpretacje obraz\u00f3w RTG zawieraj\u0105cego funkcjonalno\u015b\u0107 analizy obraz\u00f3w i &#8230;<\/p>\n","protected":false},"author":1,"featured_media":0,"parent":0,"menu_order":0,"comment_status":"closed","ping_status":"closed","template":"","meta":{"footnotes":""},"class_list":["post-40","page","type-page","status-publish","hentry"],"_links":{"self":[{"href":"https:\/\/raysvt.pl\/index.php?rest_route=\/wp\/v2\/pages\/40","targetHints":{"allow":["GET"]}}],"collection":[{"href":"https:\/\/raysvt.pl\/index.php?rest_route=\/wp\/v2\/pages"}],"about":[{"href":"https:\/\/raysvt.pl\/index.php?rest_route=\/wp\/v2\/types\/page"}],"author":[{"embeddable":true,"href":"https:\/\/raysvt.pl\/index.php?rest_route=\/wp\/v2\/users\/1"}],"replies":[{"embeddable":true,"href":"https:\/\/raysvt.pl\/index.php?rest_route=%2Fwp%2Fv2%2Fcomments&post=40"}],"version-history":[{"count":5,"href":"https:\/\/raysvt.pl\/index.php?rest_route=\/wp\/v2\/pages\/40\/revisions"}],"predecessor-version":[{"id":101,"href":"https:\/\/raysvt.pl\/index.php?rest_route=\/wp\/v2\/pages\/40\/revisions\/101"}],"wp:attachment":[{"href":"https:\/\/raysvt.pl\/index.php?rest_route=%2Fwp%2Fv2%2Fmedia&parent=40"}],"curies":[{"name":"wp","href":"https:\/\/api.w.org\/{rel}","templated":true}]}}